{"id":325,"date":"2016-05-30T20:13:31","date_gmt":"2016-05-30T18:13:31","guid":{"rendered":"http:\/\/www.enoks.se\/en\/?page_id=325"},"modified":"2025-09-11T10:43:02","modified_gmt":"2025-09-11T08:43:02","slug":"restaurang-enoks","status":"publish","type":"page","link":"https:\/\/www.enoks.se\/en\/restaurang-enoks\/","title":{"rendered":"Restaurang Enoks"},"content":{"rendered":"<div class=\"totalbusiness-shortcode-wrapper totalbusiness-row-shortcode\">\r\n<div class=\"six columns\"><div class=\"totalbusiness-item totalbusiness-column-shortcode\"><p><img loading=\"lazy\" decoding=\"async\" class=\"alignnone size-full wp-image-186\" src=\"http:\/\/www.enoks.se\/wp-content\/uploads\/2016\/05\/restaurang_enoks.jpg\" alt=\"Restaurang Enoks\" width=\"800\" height=\"550\" srcset=\"https:\/\/www.enoks.se\/wp-content\/uploads\/2016\/05\/restaurang_enoks.jpg 800w, https:\/\/www.enoks.se\/wp-content\/uploads\/2016\/05\/restaurang_enoks-400x275.jpg 400w\" sizes=\"auto, (max-width: 800px) 100vw, 800px\" \/><\/p>\n<\/div><\/div>\r\n<div class=\"six columns\"><div class=\"totalbusiness-item totalbusiness-column-shortcode\"><p><img loading=\"lazy\" decoding=\"async\" class=\"alignright size-full wp-image-272\" src=\"http:\/\/www.enoks.se\/wp-content\/uploads\/2016\/05\/EUlogo_c_RGB.png\" alt=\"Europeiska regionala utvecklingsfonden\" width=\"120\" height=\"119\" \/>Enoks is located next to the mountain lake L\u00e1ddjuj\u00e1vri. You can enjoy a classic Lap D\u00e5nalds reindeerburger, waffles with cloudberry, home baked cinnamon buns or something else tasty from our menu.<\/p>\n<h3><\/h3>\n<h3>Restaurant Enoks<br \/>\nis closed for the season!<\/h3>\n<h3>Thank you all guests for summer 2025!<\/h3>\n<p>Enoks is located 5,6 km from Nikkaluokta, in the direction of Kebnekaise. It is approximately a 1,5 hour hike!<\/p>\n<h3>Welcome\/Bures boahtin!<\/h3>\n<div class=\"totalbusiness-shortcode-wrapper\"><div class=\"totalbusiness-gallery-item totalbusiness-item\" ><div class=\"gallery-column one-fifth column\"><div class=\"gallery-item\"><a href=\"https:\/\/www.enoks.se\/wp-content\/uploads\/2016\/05\/r1.jpg\" data-fancybox-group=\"totalbusiness-gal-1\" data-rel=\"fancybox\" ><img loading=\"lazy\" decoding=\"async\" src=\"https:\/\/www.enoks.se\/wp-content\/uploads\/2016\/05\/r1-150x150.jpg\" alt=\"\" width=\"150\" height=\"150\" \/><\/a><\/div><\/div><div class=\"gallery-column one-fifth column\"><div class=\"gallery-item\"><a href=\"https:\/\/www.enoks.se\/wp-content\/uploads\/2016\/05\/r2.jpg\" data-fancybox-group=\"totalbusiness-gal-1\" data-rel=\"fancybox\" ><img loading=\"lazy\" decoding=\"async\" src=\"https:\/\/www.enoks.se\/wp-content\/uploads\/2016\/05\/r2-150x150.jpg\" alt=\"\" width=\"150\" height=\"150\" \/><\/a><\/div><\/div><div class=\"gallery-column one-fifth column\"><div class=\"gallery-item\"><a href=\"https:\/\/www.enoks.se\/wp-content\/uploads\/2016\/05\/r3.jpg\" data-fancybox-group=\"totalbusiness-gal-1\" data-rel=\"fancybox\" ><img loading=\"lazy\" decoding=\"async\" src=\"https:\/\/www.enoks.se\/wp-content\/uploads\/2016\/05\/r3-150x150.jpg\" alt=\"\" width=\"150\" height=\"150\" \/><\/a><\/div><\/div><div class=\"gallery-column one-fifth column\"><div class=\"gallery-item\"><\/div><\/div><div class=\"clear\"><\/div><\/div><\/div>\n<p><em>Photo: Carl-Johan Utsi<\/em><\/p>\n<\/div><\/div>\r\n<div class=\"clear\"><\/div><\/div>\n","protected":false},"excerpt":{"rendered":"","protected":false},"author":1,"featured_media":0,"parent":0,"menu_order":0,"comment_status":"closed","ping_status":"closed","template":"","meta":{"footnotes":""},"class_list":["post-325","page","type-page","status-publish","hentry"],"aioseo_notices":[],"_links":{"self":[{"href":"https:\/\/www.enoks.se\/en\/wp-json\/wp\/v2\/pages\/325","targetHints":{"allow":["GET"]}}],"collection":[{"href":"https:\/\/www.enoks.se\/en\/wp-json\/wp\/v2\/pages"}],"about":[{"href":"https:\/\/www.enoks.se\/en\/wp-json\/wp\/v2\/types\/page"}],"author":[{"embeddable":true,"href":"https:\/\/www.enoks.se\/en\/wp-json\/wp\/v2\/users\/1"}],"replies":[{"embeddable":true,"href":"https:\/\/www.enoks.se\/en\/wp-json\/wp\/v2\/comments?post=325"}],"version-history":[{"count":10,"href":"https:\/\/www.enoks.se\/en\/wp-json\/wp\/v2\/pages\/325\/revisions"}],"predecessor-version":[{"id":694,"href":"https:\/\/www.enoks.se\/en\/wp-json\/wp\/v2\/pages\/325\/revisions\/694"}],"wp:attachment":[{"href":"https:\/\/www.enoks.se\/en\/wp-json\/wp\/v2\/media?parent=325"}],"curies":[{"name":"wp","href":"https:\/\/api.w.org\/{rel}","templated":true}]}}